{"id":7895,"date":"2024-10-03T03:45:36","date_gmt":"2024-10-03T03:45:36","guid":{"rendered":"https:\/\/relogios-online.com\/?post_type=product&#038;p=7895"},"modified":"2025-10-17T17:20:05","modified_gmt":"2025-10-17T16:20:05","slug":"relogio-invicta-automatico-pro-diver-200m-dial-azul-inv8930ob-8930ob-masculino","status":"publish","type":"product","link":"https:\/\/relogios-online.com\/fr\/produit\/montre-invicta-automatique-pro-plongeur-200m-cadran-bleu-inv8930ob-8930ob-homme\/","title":{"rendered":"Montre Invicta Automatic Pro Diver 200m pour homme avec cadran bleu INV8930OB\/8930OB"},"content":{"rendered":"<p>Caract\u00e9ristiques :Bo\u00eetier en acier inoxydable plaqu\u00e9 orBracelet en acier plaqu\u00e9 orCalibre : NH35A Mouvement automatiqueCristal min\u00e9ral r\u00e9sistant aux rayuresCadran bleuLunette plaqu\u00e9e or fixe avec placage ionique bleuDate d&#039;affichageCouronne \u00e0 visAiguilles dor\u00e9es lumineusesR\u00e9sistance \u00e0 l&#039;eau 200 MDouble fermoir avec d\u00e9clencheur de s\u00e9curit\u00e9Diam\u00e8tre approximatif du bo\u00eetier : 40 mm\u00c9paisseur approximative du bo\u00eetier : 13,5 mm<\/p>\n<p><a href=\"https:\/\/relogios-online.com\/\" target=\"_blank\" rel=\"noopener\">D\u00e9couvrez tous les produits automatiques sur relogios-online.com<\/a><\/p>","protected":false},"excerpt":{"rendered":"<p>Caracter\u00edsticas:Caso de inox banhado a ouroPulseira de a\u00e7o banhado a ouroCalibre: NH35AMovimento autom\u00e1ticoCristal Mineral resistente a riscoMostrador azulFixo aro banhado<\/p>","protected":false},"featured_media":7910,"comment_status":"open","ping_status":"closed","template":"","meta":[],"product_brand":[],"product_cat":[62,20],"product_tag":[],"class_list":{"0":"post-7895","1":"product","2":"type-product","3":"status-publish","4":"has-post-thumbnail","6":"product_cat-automatico","7":"product_cat-sem-categoria","9":"first","10":"instock","11":"sale","12":"shipping-taxable","13":"purchasable","14":"product-type-variable"},"jetpack_sharing_enabled":true,"_links":{"self":[{"href":"https:\/\/relogios-online.com\/fr\/wp-json\/wp\/v2\/product\/7895","targetHints":{"allow":["GET"]}}],"collection":[{"href":"https:\/\/relogios-online.com\/fr\/wp-json\/wp\/v2\/product"}],"about":[{"href":"https:\/\/relogios-online.com\/fr\/wp-json\/wp\/v2\/types\/product"}],"replies":[{"embeddable":true,"href":"https:\/\/relogios-online.com\/fr\/wp-json\/wp\/v2\/comments?post=7895"}],"version-history":[{"count":1,"href":"https:\/\/relogios-online.com\/fr\/wp-json\/wp\/v2\/product\/7895\/revisions"}],"predecessor-version":[{"id":9694,"href":"https:\/\/relogios-online.com\/fr\/wp-json\/wp\/v2\/product\/7895\/revisions\/9694"}],"wp:featuredmedia":[{"embeddable":true,"href":"https:\/\/relogios-online.com\/fr\/wp-json\/wp\/v2\/media\/7910"}],"wp:attachment":[{"href":"https:\/\/relogios-online.com\/fr\/wp-json\/wp\/v2\/media?parent=7895"}],"wp:term":[{"taxonomy":"product_brand","embeddable":true,"href":"https:\/\/relogios-online.com\/fr\/wp-json\/wp\/v2\/product_brand?post=7895"},{"taxonomy":"product_cat","embeddable":true,"href":"https:\/\/relogios-online.com\/fr\/wp-json\/wp\/v2\/product_cat?post=7895"},{"taxonomy":"product_tag","embeddable":true,"href":"https:\/\/relogios-online.com\/fr\/wp-json\/wp\/v2\/product_tag?post=7895"}],"curies":[{"name":"wp","href":"https:\/\/api.w.org\/{rel}","templated":true}]}}