{"id":7983,"date":"2024-12-02T13:33:13","date_gmt":"2024-12-02T13:33:13","guid":{"rendered":"https:\/\/relogios-online.com\/?post_type=product&#038;p=7983"},"modified":"2025-10-17T17:15:21","modified_gmt":"2025-10-17T16:15:21","slug":"seiko-5-automatic-21-jewels-snkk13-snkk13k1-snkk13k-mens-watch","status":"publish","type":"product","link":"https:\/\/relogios-online.com\/fr\/produit\/montre-homme-seiko-5-automatique-21-rubis-snkk13-snkk13k1-snkk13k\/","title":{"rendered":"Montre pour homme Seiko 5 automatique 21 rubis SNKK13 SNKK13K1 SNKK13K"},"content":{"rendered":"<p>Caract\u00e9ristiques :Bo\u00eetier en acier inoxydableBracelet en acier inoxydableMouvement automatiqueCalibre 7S26Cristal min\u00e9ral21 rubisCadran dor\u00e9Affichage du jour et de la dateFond transparent du bo\u00eetierFermoir d\u00e9ployantR\u00e9sistance \u00e0 l&#039;eau de 30 MDiam\u00e8tre approximatif du bo\u00eetier 37 mm\u00c9paisseur approximative du bo\u00eetier 11 mm<\/p>\n<p><a href=\"https:\/\/relogios-online.com\/\" target=\"_blank\" rel=\"noopener\">D\u00e9couvrez tous les produits Montres Homme sur relogios-online.com<\/a><\/p>","protected":false},"excerpt":{"rendered":"<p>Features:Stainless Steel CaseStainless Steel BraceletAutomatic MovementCaliber 7S26Mineral Crystal21 JewelsGolden DialDay And Date DisplaySee Through Case BackFold Over Clasp30M Water ResistanceApproximate<\/p>","protected":false},"featured_media":7978,"comment_status":"open","ping_status":"closed","template":"","meta":[],"product_brand":[],"product_cat":[62,56,189,20],"product_tag":[],"class_list":{"0":"post-7983","1":"product","2":"type-product","3":"status-publish","4":"has-post-thumbnail","6":"product_cat-automatico","7":"product_cat-relogios-homem","8":"product_cat-seiko","9":"product_cat-sem-categoria","11":"first","12":"instock","13":"sale","14":"shipping-taxable","15":"purchasable","16":"product-type-variable"},"jetpack_sharing_enabled":true,"_links":{"self":[{"href":"https:\/\/relogios-online.com\/fr\/wp-json\/wp\/v2\/product\/7983","targetHints":{"allow":["GET"]}}],"collection":[{"href":"https:\/\/relogios-online.com\/fr\/wp-json\/wp\/v2\/product"}],"about":[{"href":"https:\/\/relogios-online.com\/fr\/wp-json\/wp\/v2\/types\/product"}],"replies":[{"embeddable":true,"href":"https:\/\/relogios-online.com\/fr\/wp-json\/wp\/v2\/comments?post=7983"}],"version-history":[{"count":1,"href":"https:\/\/relogios-online.com\/fr\/wp-json\/wp\/v2\/product\/7983\/revisions"}],"predecessor-version":[{"id":9619,"href":"https:\/\/relogios-online.com\/fr\/wp-json\/wp\/v2\/product\/7983\/revisions\/9619"}],"wp:featuredmedia":[{"embeddable":true,"href":"https:\/\/relogios-online.com\/fr\/wp-json\/wp\/v2\/media\/7978"}],"wp:attachment":[{"href":"https:\/\/relogios-online.com\/fr\/wp-json\/wp\/v2\/media?parent=7983"}],"wp:term":[{"taxonomy":"product_brand","embeddable":true,"href":"https:\/\/relogios-online.com\/fr\/wp-json\/wp\/v2\/product_brand?post=7983"},{"taxonomy":"product_cat","embeddable":true,"href":"https:\/\/relogios-online.com\/fr\/wp-json\/wp\/v2\/product_cat?post=7983"},{"taxonomy":"product_tag","embeddable":true,"href":"https:\/\/relogios-online.com\/fr\/wp-json\/wp\/v2\/product_tag?post=7983"}],"curies":[{"name":"wp","href":"https:\/\/api.w.org\/{rel}","templated":true}]}}