{"id":8022,"date":"2024-12-02T13:33:04","date_gmt":"2024-12-02T13:33:04","guid":{"rendered":"https:\/\/relogios-online.com\/?post_type=product&#038;p=8022"},"modified":"2025-10-17T17:15:30","modified_gmt":"2025-10-17T16:15:30","slug":"seiko-5-automatic-21-joias-snkl55k1-snkl55k-relogio-masculino","status":"publish","type":"product","link":"https:\/\/relogios-online.com\/fr\/produit\/montre-homme-seiko-5-automatique-21-rubis-snkl55k1-snkl55k\/","title":{"rendered":"Montre pour homme Seiko 5 automatique 21 rubis SNKL55K1 SNKL55K"},"content":{"rendered":"<p>Caract\u00e9ristiques : Bo\u00eetier en acier inoxydable Bracelet en acier inoxydable Mouvement automatique Calibre 7S26 Verre min\u00e9ral 21 rubis Cadran noir Affichage du jour et de la date Fond transparent du bo\u00eetier Fermoir d\u00e9ployant \u00c9tanch\u00e9it\u00e9 \u00e0 30 M Diam\u00e8tre approximatif du bo\u00eetier 37 mm \u00c9paisseur approximative du bo\u00eetier 11 mm<\/p>\n<p><a href=\"https:\/\/relogios-online.com\/\" target=\"_blank\" rel=\"noopener\">D\u00e9couvrez tous les produits Montres Homme sur relogios-online.com<\/a><\/p>","protected":false},"excerpt":{"rendered":"<p>Caracter\u00edsticas: Caixa de a\u00e7o inoxid\u00e1vel Pulseira de a\u00e7o inoxid\u00e1vel Movimento Autom\u00e1tico Calibre 7S26 Cristal mineral 21 j\u00f3ias Mostrador preto Dia<\/p>","protected":false},"featured_media":8017,"comment_status":"open","ping_status":"closed","template":"","meta":[],"product_brand":[],"product_cat":[62,56,189,20],"product_tag":[],"class_list":{"0":"post-8022","1":"product","2":"type-product","3":"status-publish","4":"has-post-thumbnail","6":"product_cat-automatico","7":"product_cat-relogios-homem","8":"product_cat-seiko","9":"product_cat-sem-categoria","11":"first","12":"instock","13":"sale","14":"shipping-taxable","15":"purchasable","16":"product-type-variable"},"jetpack_sharing_enabled":true,"_links":{"self":[{"href":"https:\/\/relogios-online.com\/fr\/wp-json\/wp\/v2\/product\/8022","targetHints":{"allow":["GET"]}}],"collection":[{"href":"https:\/\/relogios-online.com\/fr\/wp-json\/wp\/v2\/product"}],"about":[{"href":"https:\/\/relogios-online.com\/fr\/wp-json\/wp\/v2\/types\/product"}],"replies":[{"embeddable":true,"href":"https:\/\/relogios-online.com\/fr\/wp-json\/wp\/v2\/comments?post=8022"}],"version-history":[{"count":1,"href":"https:\/\/relogios-online.com\/fr\/wp-json\/wp\/v2\/product\/8022\/revisions"}],"predecessor-version":[{"id":9622,"href":"https:\/\/relogios-online.com\/fr\/wp-json\/wp\/v2\/product\/8022\/revisions\/9622"}],"wp:featuredmedia":[{"embeddable":true,"href":"https:\/\/relogios-online.com\/fr\/wp-json\/wp\/v2\/media\/8017"}],"wp:attachment":[{"href":"https:\/\/relogios-online.com\/fr\/wp-json\/wp\/v2\/media?parent=8022"}],"wp:term":[{"taxonomy":"product_brand","embeddable":true,"href":"https:\/\/relogios-online.com\/fr\/wp-json\/wp\/v2\/product_brand?post=8022"},{"taxonomy":"product_cat","embeddable":true,"href":"https:\/\/relogios-online.com\/fr\/wp-json\/wp\/v2\/product_cat?post=8022"},{"taxonomy":"product_tag","embeddable":true,"href":"https:\/\/relogios-online.com\/fr\/wp-json\/wp\/v2\/product_tag?post=8022"}],"curies":[{"name":"wp","href":"https:\/\/api.w.org\/{rel}","templated":true}]}}