{"id":8032,"date":"2024-12-02T13:33:01","date_gmt":"2024-12-02T13:33:01","guid":{"rendered":"https:\/\/relogios-online.com\/?post_type=product&#038;p=8032"},"modified":"2025-10-17T17:15:32","modified_gmt":"2025-10-17T16:15:32","slug":"seiko-5-automatic-21-joias-snke49-snke49k1-snke49k-relogio-masculino","status":"publish","type":"product","link":"https:\/\/relogios-online.com\/fr\/produit\/montre-homme-seiko-5-automatique-21-rubis-snke49-snke49k1-snke49k\/","title":{"rendered":"Montre pour homme Seiko 5 automatique 21 rubis SNKE49 SNKE49K1 SNKE49K"},"content":{"rendered":"<p>Caract\u00e9ristiques : Bo\u00eetier en acier inoxydable Bracelet en acier inoxydable Mouvement automatique Calibre : 7s26 21 rubis Verre min\u00e9ral Cadran blanc Aiguilles et index lumineux Affichage du jour et de la date Fond transparent du bo\u00eetier Boucle d\u00e9ployante \u00c9tanch\u00e9it\u00e9 \u00e0 30 M Diam\u00e8tre approximatif du bo\u00eetier : 38 mm \u00c9paisseur approximative du bo\u00eetier : 11 mm<\/p>\n<p><a href=\"https:\/\/relogios-online.com\/\" target=\"_blank\" rel=\"noopener\">D\u00e9couvrez tous les produits Montres Homme sur relogios-online.com<\/a><\/p>","protected":false},"excerpt":{"rendered":"<p>Caract\u00e9ristiques : Bo\u00eetier en acier inoxydable Bracelet en acier inoxydable Mouvement automatique Calibre : 7s26 21 rubis Verre min\u00e9ral Cadran blanc Aiguilles<\/p>","protected":false},"featured_media":8027,"comment_status":"open","ping_status":"closed","template":"","meta":[],"product_brand":[],"product_cat":[62,56,189,20],"product_tag":[],"class_list":{"0":"post-8032","1":"product","2":"type-product","3":"status-publish","4":"has-post-thumbnail","6":"product_cat-automatico","7":"product_cat-relogios-homem","8":"product_cat-seiko","9":"product_cat-sem-categoria","11":"first","12":"instock","13":"sale","14":"shipping-taxable","15":"purchasable","16":"product-type-variable"},"jetpack_sharing_enabled":true,"_links":{"self":[{"href":"https:\/\/relogios-online.com\/fr\/wp-json\/wp\/v2\/product\/8032","targetHints":{"allow":["GET"]}}],"collection":[{"href":"https:\/\/relogios-online.com\/fr\/wp-json\/wp\/v2\/product"}],"about":[{"href":"https:\/\/relogios-online.com\/fr\/wp-json\/wp\/v2\/types\/product"}],"replies":[{"embeddable":true,"href":"https:\/\/relogios-online.com\/fr\/wp-json\/wp\/v2\/comments?post=8032"}],"version-history":[{"count":1,"href":"https:\/\/relogios-online.com\/fr\/wp-json\/wp\/v2\/product\/8032\/revisions"}],"predecessor-version":[{"id":9623,"href":"https:\/\/relogios-online.com\/fr\/wp-json\/wp\/v2\/product\/8032\/revisions\/9623"}],"wp:featuredmedia":[{"embeddable":true,"href":"https:\/\/relogios-online.com\/fr\/wp-json\/wp\/v2\/media\/8027"}],"wp:attachment":[{"href":"https:\/\/relogios-online.com\/fr\/wp-json\/wp\/v2\/media?parent=8032"}],"wp:term":[{"taxonomy":"product_brand","embeddable":true,"href":"https:\/\/relogios-online.com\/fr\/wp-json\/wp\/v2\/product_brand?post=8032"},{"taxonomy":"product_cat","embeddable":true,"href":"https:\/\/relogios-online.com\/fr\/wp-json\/wp\/v2\/product_cat?post=8032"},{"taxonomy":"product_tag","embeddable":true,"href":"https:\/\/relogios-online.com\/fr\/wp-json\/wp\/v2\/product_tag?post=8032"}],"curies":[{"name":"wp","href":"https:\/\/api.w.org\/{rel}","templated":true}]}}