{"id":8042,"date":"2024-12-02T13:32:58","date_gmt":"2024-12-02T13:32:58","guid":{"rendered":"https:\/\/relogios-online.com\/?post_type=product&#038;p=8042"},"modified":"2025-10-17T17:15:33","modified_gmt":"2025-10-17T16:15:33","slug":"seiko-5-esportes-automatico-snk375-snk375k1-snk375k-relogio-masculino","status":"publish","type":"product","link":"https:\/\/relogios-online.com\/fr\/produit\/montre-homme-seiko-5-sports-automatique-snk375-snk375k1-snk375k\/","title":{"rendered":"Montre Seiko 5 Sports automatique SNK375 SNK375K1 SNK375K pour homme"},"content":{"rendered":"<p>Caract\u00e9ristiques : Bo\u00eetier en acier inoxydable Bracelet en acier inoxydable Mouvement automatique Calibre : 7s26 21 rubis Cristal Hardlex Cadran noir Aiguilles et index lumineux Affichage du jour et de la date Fond transparent du bo\u00eetier Fermoir d\u00e9ployant \u00c9tanch\u00e9it\u00e9 \u00e0 30 m Diam\u00e8tre approximatif du bo\u00eetier : 36 mm \u00c9paisseur approximative du bo\u00eetier : 11 mm<\/p>\n<p><a href=\"https:\/\/relogios-online.com\/\" target=\"_blank\" rel=\"noopener\">D\u00e9couvrez tous les produits Montres Homme sur relogios-online.com<\/a><\/p>","protected":false},"excerpt":{"rendered":"<p>Caracter\u00edsticas: Caixa de a\u00e7o inoxid\u00e1vel Pulseira de a\u00e7o inoxid\u00e1vel Movimento Autom\u00e1tico Calibre: 7s26 21 j\u00f3ias Cristal Hardlex Mostrador preto M\u00e3os<\/p>","protected":false},"featured_media":8037,"comment_status":"open","ping_status":"closed","template":"","meta":[],"product_brand":[],"product_cat":[62,56,189,20],"product_tag":[],"class_list":{"0":"post-8042","1":"product","2":"type-product","3":"status-publish","4":"has-post-thumbnail","6":"product_cat-automatico","7":"product_cat-relogios-homem","8":"product_cat-seiko","9":"product_cat-sem-categoria","11":"first","12":"instock","13":"sale","14":"shipping-taxable","15":"purchasable","16":"product-type-variable"},"jetpack_sharing_enabled":true,"_links":{"self":[{"href":"https:\/\/relogios-online.com\/fr\/wp-json\/wp\/v2\/product\/8042","targetHints":{"allow":["GET"]}}],"collection":[{"href":"https:\/\/relogios-online.com\/fr\/wp-json\/wp\/v2\/product"}],"about":[{"href":"https:\/\/relogios-online.com\/fr\/wp-json\/wp\/v2\/types\/product"}],"replies":[{"embeddable":true,"href":"https:\/\/relogios-online.com\/fr\/wp-json\/wp\/v2\/comments?post=8042"}],"version-history":[{"count":1,"href":"https:\/\/relogios-online.com\/fr\/wp-json\/wp\/v2\/product\/8042\/revisions"}],"predecessor-version":[{"id":9624,"href":"https:\/\/relogios-online.com\/fr\/wp-json\/wp\/v2\/product\/8042\/revisions\/9624"}],"wp:featuredmedia":[{"embeddable":true,"href":"https:\/\/relogios-online.com\/fr\/wp-json\/wp\/v2\/media\/8037"}],"wp:attachment":[{"href":"https:\/\/relogios-online.com\/fr\/wp-json\/wp\/v2\/media?parent=8042"}],"wp:term":[{"taxonomy":"product_brand","embeddable":true,"href":"https:\/\/relogios-online.com\/fr\/wp-json\/wp\/v2\/product_brand?post=8042"},{"taxonomy":"product_cat","embeddable":true,"href":"https:\/\/relogios-online.com\/fr\/wp-json\/wp\/v2\/product_cat?post=8042"},{"taxonomy":"product_tag","embeddable":true,"href":"https:\/\/relogios-online.com\/fr\/wp-json\/wp\/v2\/product_tag?post=8042"}],"curies":[{"name":"wp","href":"https:\/\/api.w.org\/{rel}","templated":true}]}}