{"id":8716,"date":"2025-03-29T13:33:12","date_gmt":"2025-03-29T13:33:12","guid":{"rendered":"https:\/\/relogios-online.com\/?post_type=product&#038;p=8716"},"modified":"2025-03-29T13:40:00","modified_gmt":"2025-03-29T13:40:00","slug":"tissot-prx-t-classic-chronograph-blue-dial-automatic-t137-427-11-041-00-100m-mens-watch","status":"publish","type":"product","link":"https:\/\/relogios-online.com\/fr\/produit\/montre-homme-tissot-prx-t-classic-chronographe-automatique-a-cadran-bleu-t137-427-11-041-00-100m\/","title":{"rendered":"Montre homme Tissot PRX T-Classic chronographe automatique \u00e0 cadran bleu T137.427.11.041.00 100 m"},"content":{"rendered":"<p>Caract\u00e9ristiques : Bo\u00eetier en acier inoxydable, bracelet en acier inoxydable, mouvement automatique suisse, calibre Valjoux A05.H3127 rubis, verre saphir antireflet r\u00e9sistant aux rayures, cadran bleu, affichage analogique, r\u00e9serve de marche jusqu&#039;\u00e0 60 heures, fonction chronographe, bracelet interchangeable \u00e0 d\u00e9gagement rapide, aiguilles et index lumineux, affichage de la date, fond transparent, boucle d\u00e9ployante, \u00e9tanch\u00e9it\u00e9 \u00e0 100 m. Diam\u00e8tre approximatif du bo\u00eetier : 42 mm, \u00e9paisseur approximative du bo\u00eetier : 14,5 mm, largeur approximative des cornes : 13 mm.<\/p>","protected":false},"excerpt":{"rendered":"<p>Features:Stainless Steel CaseStainless Steel BraceletSwiss Automatic MovementCaliber: Valjoux A05.H3127 JewelsScratch-Resistant Sapphire Crystal With Antireflective CoatingBlue DialAnalog DisplayPower Reserve Up To<\/p>","protected":false},"featured_media":8711,"comment_status":"open","ping_status":"closed","template":"","meta":[],"product_brand":[],"product_cat":[20],"product_tag":[],"class_list":{"0":"post-8716","1":"product","2":"type-product","3":"status-publish","4":"has-post-thumbnail","6":"product_cat-sem-categoria","8":"first","9":"instock","10":"sale","11":"shipping-taxable","12":"purchasable","13":"product-type-variable"},"jetpack_sharing_enabled":true,"_links":{"self":[{"href":"https:\/\/relogios-online.com\/fr\/wp-json\/wp\/v2\/product\/8716","targetHints":{"allow":["GET"]}}],"collection":[{"href":"https:\/\/relogios-online.com\/fr\/wp-json\/wp\/v2\/product"}],"about":[{"href":"https:\/\/relogios-online.com\/fr\/wp-json\/wp\/v2\/types\/product"}],"replies":[{"embeddable":true,"href":"https:\/\/relogios-online.com\/fr\/wp-json\/wp\/v2\/comments?post=8716"}],"version-history":[{"count":0,"href":"https:\/\/relogios-online.com\/fr\/wp-json\/wp\/v2\/product\/8716\/revisions"}],"wp:featuredmedia":[{"embeddable":true,"href":"https:\/\/relogios-online.com\/fr\/wp-json\/wp\/v2\/media\/8711"}],"wp:attachment":[{"href":"https:\/\/relogios-online.com\/fr\/wp-json\/wp\/v2\/media?parent=8716"}],"wp:term":[{"taxonomy":"product_brand","embeddable":true,"href":"https:\/\/relogios-online.com\/fr\/wp-json\/wp\/v2\/product_brand?post=8716"},{"taxonomy":"product_cat","embeddable":true,"href":"https:\/\/relogios-online.com\/fr\/wp-json\/wp\/v2\/product_cat?post=8716"},{"taxonomy":"product_tag","embeddable":true,"href":"https:\/\/relogios-online.com\/fr\/wp-json\/wp\/v2\/product_tag?post=8716"}],"curies":[{"name":"wp","href":"https:\/\/api.w.org\/{rel}","templated":true}]}}