{"id":9134,"date":"2025-04-04T17:06:17","date_gmt":"2025-04-04T17:06:17","guid":{"rendered":"https:\/\/relogios-online.com\/produto\/colar-coracao-dourado-inox-eternallove-delicado-minimalista-e-gravado-com-significado\/"},"modified":"2026-01-19T22:40:03","modified_gmt":"2026-01-19T21:40:03","slug":"colar-coracao-dourado-inox-eternallove-delicado-minimalista-e-gravado-com-significado","status":"publish","type":"product","link":"https:\/\/relogios-online.com\/fr\/produit\/collier-coeur-dore-en-acier-inoxydable-eternallove-delicat-minimaliste-et-grave-de-sens\/","title":{"rendered":"Collier c\u0153ur dor\u00e9 en acier inoxydable EternalLove\u2122 \u2013 D\u00e9licat, minimaliste et grav\u00e9 de sens"},"content":{"rendered":"<h3 class=\"\" data-start=\"316\" data-end=\"347\">\u2728 <strong data-start=\"322\" data-end=\"347\">Description du produit :<\/strong><\/h3>\n<p class=\"\" data-start=\"349\" data-end=\"568\"><strong data-start=\"349\" data-end=\"386\">Une touche d&#039;amour dans chaque d\u00e9tail.<\/strong><br data-start=\"386\" data-end=\"389\" \/>LE <strong data-start=\"391\" data-end=\"413\">Collier EternalLove\u2122<\/strong> apporte la beaut\u00e9 du minimalisme avec un \u00e9l\u00e9gant pendentif en <strong data-start=\"471\" data-end=\"493\">forme de coeur<\/strong>, avec finition \u00e9lectrolytique en <strong data-start=\"529\" data-end=\"567\">placage \u00e0 l&#039;or sur acier inoxydable<\/strong>.<\/p>\n<p class=\"\" data-start=\"570\" data-end=\"769\">Avec un design l\u00e9ger et raffin\u00e9, c&#039;est le choix parfait pour ceux qui recherchent un bijou discret, mais plein de sens. Id\u00e9al pour offrir ou utiliser comme symbole personnel d&#039;affection, de soins personnels ou de souvenir.<\/p>\n<p class=\"\" data-start=\"771\" data-end=\"810\">\ud83d\udc9b <strong data-start=\"774\" data-end=\"810\">Pourquoi choisir EternalLove\u2122 :<\/strong><\/p>\n<ul data-start=\"812\" data-end=\"1215\">\n<li class=\"\" data-start=\"812\" data-end=\"904\">\n<p class=\"\" data-start=\"814\" data-end=\"904\">Fabriqu\u00e9 en <strong data-start=\"827\" data-end=\"866\">acier inoxydable \u00e0 haute durabilit\u00e9<\/strong>, r\u00e9sistant \u00e0 l&#039;usure et au temps.<\/p>\n<\/li>\n<li class=\"\" data-start=\"905\" data-end=\"1005\">\n<p class=\"\" data-start=\"907\" data-end=\"1005\">Finition en <strong data-start=\"921\" data-end=\"948\">bain d&#039;or brillant<\/strong>, avec traitement \u00e9lectrolytique pour une brillance durable.<\/p>\n<\/li>\n<li class=\"\" data-start=\"1006\" data-end=\"1100\">\n<p class=\"\" data-start=\"1008\" data-end=\"1100\">Pendentif de <strong data-start=\"1020\" data-end=\"1053\">coeur avec d\u00e9tails grav\u00e9s<\/strong>, qui ajoutent de la personnalit\u00e9 et de la sophistication.<\/p>\n<\/li>\n<li class=\"\" data-start=\"1101\" data-end=\"1172\">\n<p class=\"\" data-start=\"1103\" data-end=\"1172\">Conception l\u00e9g\u00e8re, confortable et polyvalente \u2014 adapt\u00e9e \u00e0 toutes les occasions.<\/p>\n<\/li>\n<li class=\"\" data-start=\"1173\" data-end=\"1215\">\n<p class=\"\" data-start=\"1175\" data-end=\"1215\">Bijoux hypoallerg\u00e9niques et r\u00e9sistants \u00e0 l&#039;eau.<\/p>\n<\/li>\n<\/ul>\n<p class=\"\" data-start=\"1217\" data-end=\"1370\">\ud83c\udf81 Une pi\u00e8ce d\u00e9licate qui immortalise les sentiments et les moments. Que ce soit pour vous-m\u00eame ou pour quelqu&#039;un que vous aimez, EternalLove\u2122 est plus qu&#039;un collier, c&#039;est une d\u00e9claration.<\/p>\n<p class=\"\" data-start=\"1372\" data-end=\"1451\">\ud83d\udea8 Stock limit\u00e9. Obtenez le v\u00f4tre maintenant et <strong data-start=\"1412\" data-end=\"1450\">emporte l&#039;amour avec toi tous les jours<\/strong>.<\/p>\n<p><img decoding=\"async\" src=\"https:\/\/cf.cjdropshipping.com\/quick\/product\/8f3a7209-6349-4fd4-bb39-c24ade5b5bf0.jpg\" alt=\"\" title=\"\"><br \/>\n<img decoding=\"async\" src=\"https:\/\/cf.cjdropshipping.com\/quick\/product\/d8bb657c-5b71-4946-8969-13bfd04b86bf.jpg\" alt=\"\" title=\"\"><br \/>\n<img decoding=\"async\" src=\"https:\/\/cf.cjdropshipping.com\/quick\/product\/4956338f-998f-4000-8a88-dd15ec76e3d1.jpg\" alt=\"\" title=\"\"><br \/>\n<img decoding=\"async\" src=\"https:\/\/cf.cjdropshipping.com\/quick\/product\/82039d08-da6e-49a6-8188-29766b78907c.jpg\" alt=\"\" title=\"\"><br \/>\n<img decoding=\"async\" src=\"https:\/\/cf.cjdropshipping.com\/quick\/product\/a41cfcce-e5b1-4925-b417-ba7e1e5c6c37.jpg\" alt=\"\" title=\"\"><br \/>\n<img decoding=\"async\" src=\"https:\/\/cf.cjdropshipping.com\/quick\/product\/9bf28f49-46fa-47b3-975b-2d98ebcbd428.jpg\" alt=\"\" title=\"\"><\/p>","protected":false},"excerpt":{"rendered":"<p>\ud83d\udee1\ufe0f\u00a0<strong>Assurance qualit\u00e9<\/strong><br \/>\nTous nos produits ont\u00a0<strong>Garantie 12 mois<\/strong>, garantissant qualit\u00e9 et satisfaction.<\/p>\n<p>\ud83d\udcde\u00a0<strong>Service client<\/strong><br \/>\nNotre \u00e9quipe est toujours pr\u00eate \u00e0 vous accompagner \u00e0 chaque \u00e9tape de votre achat.<\/p>\n<p>\ud83d\udcb3\u00a0<strong>Paiement s\u00e9curis\u00e9<\/strong><br \/>\nNous proposons des options de paiement s\u00e9curis\u00e9es 100% pour garantir la protection de vos donn\u00e9es.<\/p>\n<p>\u2b50\u00a0<strong>Produit original<\/strong><br \/>\nNous travaillons uniquement avec des bijoux de haute qualit\u00e9.<br \/>\nConsultez notre\u00a0<a href=\"https:\/\/relogios-online.com\/politica-de-envio\/\" target=\"_blank\" rel=\"noopener\">Politique d&#039;exp\u00e9dition<\/a>.<\/p>","protected":false},"featured_media":9129,"comment_status":"open","ping_status":"closed","template":"","meta":[],"product_brand":[],"product_cat":[204,211],"product_tag":[],"class_list":{"0":"post-9134","1":"product","2":"type-product","3":"status-publish","4":"has-post-thumbnail","6":"product_cat-colares","7":"product_cat-joias-femininas","9":"first","10":"instock","11":"sale","12":"shipping-taxable","13":"purchasable","14":"product-type-variable"},"jetpack_sharing_enabled":true,"_links":{"self":[{"href":"https:\/\/relogios-online.com\/fr\/wp-json\/wp\/v2\/product\/9134","targetHints":{"allow":["GET"]}}],"collection":[{"href":"https:\/\/relogios-online.com\/fr\/wp-json\/wp\/v2\/product"}],"about":[{"href":"https:\/\/relogios-online.com\/fr\/wp-json\/wp\/v2\/types\/product"}],"replies":[{"embeddable":true,"href":"https:\/\/relogios-online.com\/fr\/wp-json\/wp\/v2\/comments?post=9134"}],"version-history":[{"count":1,"href":"https:\/\/relogios-online.com\/fr\/wp-json\/wp\/v2\/product\/9134\/revisions"}],"predecessor-version":[{"id":10199,"href":"https:\/\/relogios-online.com\/fr\/wp-json\/wp\/v2\/product\/9134\/revisions\/10199"}],"wp:featuredmedia":[{"embeddable":true,"href":"https:\/\/relogios-online.com\/fr\/wp-json\/wp\/v2\/media\/9129"}],"wp:attachment":[{"href":"https:\/\/relogios-online.com\/fr\/wp-json\/wp\/v2\/media?parent=9134"}],"wp:term":[{"taxonomy":"product_brand","embeddable":true,"href":"https:\/\/relogios-online.com\/fr\/wp-json\/wp\/v2\/product_brand?post=9134"},{"taxonomy":"product_cat","embeddable":true,"href":"https:\/\/relogios-online.com\/fr\/wp-json\/wp\/v2\/product_cat?post=9134"},{"taxonomy":"product_tag","embeddable":true,"href":"https:\/\/relogios-online.com\/fr\/wp-json\/wp\/v2\/product_tag?post=9134"}],"curies":[{"name":"wp","href":"https:\/\/api.w.org\/{rel}","templated":true}]}}