{"id":9140,"date":"2025-04-04T18:27:57","date_gmt":"2025-04-04T18:27:57","guid":{"rendered":"https:\/\/relogios-online.com\/?post_type=product&#038;p=9140"},"modified":"2026-01-20T00:41:43","modified_gmt":"2026-01-19T23:41:43","slug":"love-folding-creative-micro-encrusted-diamond-fashion-necklace","status":"publish","type":"product","link":"https:\/\/relogios-online.com\/fr\/produit\/collier-de-mode-creatif-pliable-en-micro-incruste-de-diamants\/","title":{"rendered":"Collier LOVE avec cristaux \u2013 Creative Fold | Cadeau romantique et sophistiqu\u00e9"},"content":{"rendered":"<h3 class=\"\" data-start=\"443\" data-end=\"474\">\u2728 <strong data-start=\"449\" data-end=\"474\">Description<\/strong><\/h3>\n<p class=\"\" data-start=\"964\" data-end=\"1286\"><strong data-start=\"964\" data-end=\"1022\">Surprenez vos proches avec un cadeau inoubliable.<\/strong><br data-start=\"1022\" data-end=\"1025\" \/>Ce collier \u00e9l\u00e9gant avec finition en acier inoxydable et cristaux est parfait pour les femmes qui appr\u00e9cient le style et la d\u00e9licatesse.<br data-start=\"1155\" data-end=\"1158\" \/>\u2714\ufe0f Ne fonce pas<br data-start=\"1176\" data-end=\"1179\" \/>\u2714\ufe0f R\u00e9sistant \u00e0 l&#039;eau<br data-start=\"1202\" data-end=\"1205\" \/>\u2714\ufe0f Id\u00e9al pour offrir \u00e0 des dates sp\u00e9ciales<br data-start=\"1251\" data-end=\"1254\" \/>\u2714\ufe0f Haute durabilit\u00e9 et brillance<\/p>\n<p class=\"\" data-start=\"1291\" data-end=\"1369\">\ud83d\udd12 Garantie de satisfaction<br data-start=\"1316\" data-end=\"1319\" \/>\ud83d\ude9a Exp\u00e9dition rapide et tra\u00e7able dans tout le Portugal<\/p>\n<p><img decoding=\"async\" src=\"https:\/\/cf.cjdropshipping.com\/ff431745-aa0b-4b2e-b170-82872e70688a.png\" alt=\"ind\u00e9fini\" data-src=\"https:\/\/cbu01.alicdn.com\/img\/ibank\/O1CN01vYAoUx1DmfK3s55d9_!!3982340259-0-cib.jpg\" data-key=\"1\" data-uploadossfail=\"false\" title=\"\"><br \/>\n<img decoding=\"async\" src=\"https:\/\/cf.cjdropshipping.com\/fbddaf08-5e3c-402b-b414-aa42975ff27c.png\" alt=\"ind\u00e9fini\" data-src=\"https:\/\/cbu01.alicdn.com\/img\/ibank\/O1CN01IZANv61DmfJx0O3Co_!!3982340259-0-cib.jpg\" data-key=\"2\" data-uploadossfail=\"false\" title=\"\"><br \/>\n<img decoding=\"async\" src=\"https:\/\/cf.cjdropshipping.com\/cb9fe6ad-09b9-4832-b970-583fb140ee17.png\" alt=\"ind\u00e9fini\" data-src=\"https:\/\/cbu01.alicdn.com\/img\/ibank\/O1CN01dJzBnJ1DmfK3AHV5r_!!3982340259-0-cib.jpg\" data-key=\"3\" data-uploadossfail=\"false\" title=\"\"><br \/>\n<img decoding=\"async\" src=\"https:\/\/cf.cjdropshipping.com\/36b4748b-f933-43dc-9ec2-6af7e017a11f.png\" alt=\"ind\u00e9fini\" data-src=\"https:\/\/cbu01.alicdn.com\/img\/ibank\/O1CN01wp44WZ1DmfJwqVFBR_!!3982340259-0-cib.jpg\" data-key=\"4\" data-uploadossfail=\"false\" title=\"\"><br \/>\n<img decoding=\"async\" src=\"https:\/\/cf.cjdropshipping.com\/c137d5a9-5af3-45b6-874f-2d11cfb659fb.png\" alt=\"ind\u00e9fini\" data-src=\"https:\/\/cbu01.alicdn.com\/img\/ibank\/O1CN015xU4Gw1DmfK3AJ6uG_!!3982340259-0-cib.jpg\" data-key=\"5\" data-uploadossfail=\"false\" title=\"\"><br \/>\n<img decoding=\"async\" src=\"https:\/\/cf.cjdropshipping.com\/4d7a6b1f-0735-4d18-863f-2870b8796015.png\" alt=\"ind\u00e9fini\" data-src=\"https:\/\/cbu01.alicdn.com\/img\/ibank\/O1CN01tmnGJ91DmfJxfP2OI_!!3982340259-0-cib.jpg\" data-key=\"6\" data-uploadossfail=\"false\" title=\"\"><br \/>\n<img decoding=\"async\" src=\"https:\/\/cf.cjdropshipping.com\/a8a6423d-9f2c-4309-b448-34531ae6d4b3.png\" alt=\"ind\u00e9fini\" data-src=\"https:\/\/cbu01.alicdn.com\/img\/ibank\/O1CN015rAB8g1DmfK3AGE5P_!!3982340259-0-cib.jpg\" data-key=\"7\" data-uploadossfail=\"false\" title=\"\"><br \/>\n<img decoding=\"async\" src=\"https:\/\/cf.cjdropshipping.com\/0f31283e-3f52-44da-ab1f-b362f9696984.png\" alt=\"ind\u00e9fini\" data-src=\"https:\/\/cbu01.alicdn.com\/img\/ibank\/O1CN01hOi4F61DmfJx0P7im_!!3982340259-0-cib.jpg\" data-key=\"8\" data-uploadossfail=\"false\" title=\"\"><br \/>\n<img decoding=\"async\" src=\"https:\/\/cf.cjdropshipping.com\/ab51bef5-3802-48a0-96f9-759605b1c08b.png\" alt=\"ind\u00e9fini\" data-src=\"https:\/\/cbu01.alicdn.com\/img\/ibank\/O1CN01VMAr4j1DmfJtxySW9_!!3982340259-0-cib.jpg\" data-key=\"9\" data-uploadossfail=\"false\" title=\"\"><\/p>","protected":false},"excerpt":{"rendered":"<p class=\"\" data-start=\"133\" data-end=\"215\">\u23f3 <strong data-start=\"135\" data-end=\"165\">Offre \u00e0 dur\u00e9e limit\u00e9e !<\/strong><br data-start=\"165\" data-end=\"168\" \/>Profitez de la remise exclusive avant qu&#039;elle ne se termine.<\/p>\n<p>\ud83d\udee1\ufe0f\u00a0<strong>Assurance qualit\u00e9<\/strong><br \/>\nTous nos produits ont\u00a0<strong>Garantie 12 mois<\/strong>, garantissant qualit\u00e9 et satisfaction.<\/p>\n<p>\ud83d\udcde\u00a0<strong>Service client<\/strong><br \/>\nNotre \u00e9quipe est toujours pr\u00eate \u00e0 vous accompagner \u00e0 chaque \u00e9tape de votre achat.<\/p>\n<p>\ud83d\udcb3\u00a0<strong>Paiement s\u00e9curis\u00e9<\/strong><br \/>\nNous proposons des options de paiement s\u00e9curis\u00e9es 100% pour garantir la protection de vos donn\u00e9es.<\/p>\n<p>\u2b50\u00a0<strong>Produit original<\/strong><br \/>\nNous travaillons uniquement avec des bijoux de haute qualit\u00e9.<br \/>\nConsultez notre\u00a0<a href=\"https:\/\/relogios-online.com\/politica-de-envio\/\" target=\"_blank\" rel=\"noopener\">Politique d&#039;exp\u00e9dition<\/a>.<\/p>","protected":false},"featured_media":8949,"comment_status":"open","ping_status":"closed","template":"","meta":[],"product_brand":[],"product_cat":[204,200,211],"product_tag":[],"class_list":{"0":"post-9140","1":"product","2":"type-product","3":"status-publish","4":"has-post-thumbnail","6":"product_cat-colares","7":"product_cat-joias","8":"product_cat-joias-femininas","10":"first","11":"instock","12":"sale","13":"shipping-taxable","14":"purchasable","15":"product-type-variable"},"jetpack_sharing_enabled":true,"_links":{"self":[{"href":"https:\/\/relogios-online.com\/fr\/wp-json\/wp\/v2\/product\/9140","targetHints":{"allow":["GET"]}}],"collection":[{"href":"https:\/\/relogios-online.com\/fr\/wp-json\/wp\/v2\/product"}],"about":[{"href":"https:\/\/relogios-online.com\/fr\/wp-json\/wp\/v2\/types\/product"}],"replies":[{"embeddable":true,"href":"https:\/\/relogios-online.com\/fr\/wp-json\/wp\/v2\/comments?post=9140"}],"version-history":[{"count":2,"href":"https:\/\/relogios-online.com\/fr\/wp-json\/wp\/v2\/product\/9140\/revisions"}],"predecessor-version":[{"id":10205,"href":"https:\/\/relogios-online.com\/fr\/wp-json\/wp\/v2\/product\/9140\/revisions\/10205"}],"wp:featuredmedia":[{"embeddable":true,"href":"https:\/\/relogios-online.com\/fr\/wp-json\/wp\/v2\/media\/8949"}],"wp:attachment":[{"href":"https:\/\/relogios-online.com\/fr\/wp-json\/wp\/v2\/media?parent=9140"}],"wp:term":[{"taxonomy":"product_brand","embeddable":true,"href":"https:\/\/relogios-online.com\/fr\/wp-json\/wp\/v2\/product_brand?post=9140"},{"taxonomy":"product_cat","embeddable":true,"href":"https:\/\/relogios-online.com\/fr\/wp-json\/wp\/v2\/product_cat?post=9140"},{"taxonomy":"product_tag","embeddable":true,"href":"https:\/\/relogios-online.com\/fr\/wp-json\/wp\/v2\/product_tag?post=9140"}],"curies":[{"name":"wp","href":"https:\/\/api.w.org\/{rel}","templated":true}]}}