{"id":9486,"date":"2025-04-05T23:27:56","date_gmt":"2025-04-05T23:27:56","guid":{"rendered":"https:\/\/relogios-online.com\/produto\/anel-de-personalidade-estilo-coreano-design-geometrico-em-aco-inoxidavel-tendencia-para-dedo-indicador\/"},"modified":"2026-01-19T23:48:44","modified_gmt":"2026-01-19T22:48:44","slug":"anel-de-personalidade-estilo-coreano-design-geometrico-em-aco-inoxidavel-tendencia-para-dedo-indicador","status":"publish","type":"product","link":"https:\/\/relogios-online.com\/fr\/produit\/bague-de-personnalite-de-style-coreen-design-geometrique-tendance-en-acier-inoxydable-pour-lindex\/","title":{"rendered":"Bague de personnalit\u00e9 de style cor\u00e9en \u2013 Design g\u00e9om\u00e9trique en acier inoxydable | Tendance de l&#039;index"},"content":{"rendered":"<p class=\"\" data-start=\"497\" data-end=\"912\"><strong data-start=\"497\" data-end=\"550\">L&#039;authenticit\u00e9 dans le visuel. L&#039;attitude dans chaque d\u00e9tail.<\/strong><br data-start=\"550\" data-end=\"553\" \/>LE <strong data-start=\"555\" data-end=\"595\">Bague de personnalit\u00e9 de style cor\u00e9en<\/strong> C&#039;est le choix parfait pour ceux qui aiment oser avec style avec des pi\u00e8ces marquantes. Fabriqu\u00e9 en <strong data-start=\"682\" data-end=\"726\">acier inoxydable avec bain \u00e9lectrolytique<\/strong>, sa conception avec <strong data-start=\"743\" data-end=\"774\">formes g\u00e9om\u00e9triques modernes<\/strong> se distingue par sa force et son \u00e9l\u00e9gance, surtout lorsqu&#039;il est utilis\u00e9 dans <strong data-start=\"840\" data-end=\"858\">index<\/strong> \u2014 symbole de confiance, de leadership et d\u2019identit\u00e9 forte.<\/p>\n<p class=\"\" data-start=\"914\" data-end=\"1080\">Inspir\u00e9e des tendances de la mode cor\u00e9enne, cette bague est l\u00e9g\u00e8re, confortable et pleine de personnalit\u00e9, id\u00e9ale pour rehausser n&#039;importe quel look avec une touche urbaine et contemporaine.<\/p>\n<p class=\"\" data-start=\"1082\" data-end=\"1116\">\ud83d\udc8e <strong data-start=\"1085\" data-end=\"1116\">Pourquoi parier sur cette bague :<\/strong><\/p>\n<ul data-start=\"1118\" data-end=\"1483\">\n<li class=\"\" data-start=\"1118\" data-end=\"1193\">\n<p class=\"\" data-start=\"1120\" data-end=\"1193\"><strong data-start=\"1120\" data-end=\"1146\">Design g\u00e9om\u00e9trique audacieux<\/strong> qui transmet personnalit\u00e9 et originalit\u00e9.<\/p>\n<\/li>\n<li class=\"\" data-start=\"1194\" data-end=\"1266\">\n<p class=\"\" data-start=\"1196\" data-end=\"1266\"><strong data-start=\"1196\" data-end=\"1214\">style cor\u00e9en<\/strong> (K-style) \u00e0 la hausse dans les plus grandes tendances de la mode.<\/p>\n<\/li>\n<li class=\"\" data-start=\"1267\" data-end=\"1341\">\n<p class=\"\" data-start=\"1269\" data-end=\"1341\">Fabriqu\u00e9 en <strong data-start=\"1278\" data-end=\"1296\">acier inoxydable<\/strong> avec une finition \u00e9lectrolytique r\u00e9sistante.<\/p>\n<\/li>\n<li class=\"\" data-start=\"1342\" data-end=\"1411\">\n<p class=\"\" data-start=\"1344\" data-end=\"1411\"><strong data-start=\"1344\" data-end=\"1378\">Convient \u00e0 l&#039;index<\/strong>, pour un look plus frappant.<\/p>\n<\/li>\n<li class=\"\" data-start=\"1412\" data-end=\"1483\">\n<p class=\"\" data-start=\"1414\" data-end=\"1483\">L\u00e9ger, durable, \u00e0 la mode \u2014 id\u00e9al pour un usage quotidien ou des occasions sp\u00e9ciales.<\/p>\n<\/li>\n<\/ul>\n<p class=\"\" data-start=\"1485\" data-end=\"1580\">\ud83c\udf81 Un excellent choix pour offrir ou exprimer votre style unique avec attitude et \u00e9l\u00e9gance.<\/p>\n<p class=\"\" data-start=\"1582\" data-end=\"1669\">\ud83d\udea8 Stock limit\u00e9 ! Procurez-vous le v\u00f4tre maintenant et d\u00e9marquez-vous avec un accessoire qui parle pour vous.<\/p>\n<p>&nbsp;<\/p>\n<p><img decoding=\"async\" src=\"https:\/\/cf.cjdropshipping.com\/2da64c42-8187-49d8-a2a2-cb6fd8351a82.jpg\" alt=\"\" title=\"\"> <img decoding=\"async\" src=\"https:\/\/cf.cjdropshipping.com\/510e2817-4062-4e81-980b-e49fd561f1ff.jpg\" alt=\"\" title=\"\"> <img decoding=\"async\" src=\"https:\/\/cf.cjdropshipping.com\/d6f92360-c1fc-4074-b2c6-9d6b52cea5d0.jpg\" alt=\"\" title=\"\"> <img decoding=\"async\" src=\"https:\/\/cf.cjdropshipping.com\/84a1c703-866b-4847-83ed-a762bf9cd29c.jpg\" alt=\"\" title=\"\"> <img decoding=\"async\" src=\"https:\/\/cf.cjdropshipping.com\/c4d89e7b-8246-49f5-85f8-c173867b80be.jpg\" alt=\"\" title=\"\"><\/p>","protected":false},"excerpt":{"rendered":"<p>\ud83d\udee1\ufe0f\u00a0<strong>Assurance qualit\u00e9<\/strong><br \/>\nTous nos produits ont\u00a0<strong>Garantie 12 mois<\/strong>, garantissant qualit\u00e9 et satisfaction.<\/p>\n<p>\ud83d\udcde\u00a0<strong>Service client<\/strong><br \/>\nNotre \u00e9quipe est toujours pr\u00eate \u00e0 vous accompagner \u00e0 chaque \u00e9tape de votre achat.<\/p>\n<p>\ud83d\udcb3\u00a0<strong>Paiement s\u00e9curis\u00e9<\/strong><br \/>\nNous proposons des options de paiement s\u00e9curis\u00e9es 100% pour garantir la protection de vos donn\u00e9es.<\/p>\n<p>\u2b50\u00a0<strong>Produit original<\/strong><br \/>\nNous travaillons uniquement avec des bijoux de haute qualit\u00e9.<br \/>\nConsultez notre\u00a0<a href=\"https:\/\/relogios-online.com\/politica-de-envio\/\" target=\"_blank\" rel=\"noopener\">Politique d&#039;exp\u00e9dition<\/a>.<\/p>","protected":false},"featured_media":9481,"comment_status":"open","ping_status":"closed","template":"","meta":[],"product_brand":[],"product_cat":[203,211],"product_tag":[],"class_list":{"0":"post-9486","1":"product","2":"type-product","3":"status-publish","4":"has-post-thumbnail","6":"product_cat-aneis","7":"product_cat-joias-femininas","9":"first","10":"instock","11":"sale","12":"shipping-taxable","13":"purchasable","14":"product-type-variable"},"jetpack_sharing_enabled":true,"_links":{"self":[{"href":"https:\/\/relogios-online.com\/fr\/wp-json\/wp\/v2\/product\/9486","targetHints":{"allow":["GET"]}}],"collection":[{"href":"https:\/\/relogios-online.com\/fr\/wp-json\/wp\/v2\/product"}],"about":[{"href":"https:\/\/relogios-online.com\/fr\/wp-json\/wp\/v2\/types\/product"}],"replies":[{"embeddable":true,"href":"https:\/\/relogios-online.com\/fr\/wp-json\/wp\/v2\/comments?post=9486"}],"version-history":[{"count":1,"href":"https:\/\/relogios-online.com\/fr\/wp-json\/wp\/v2\/product\/9486\/revisions"}],"predecessor-version":[{"id":10200,"href":"https:\/\/relogios-online.com\/fr\/wp-json\/wp\/v2\/product\/9486\/revisions\/10200"}],"wp:featuredmedia":[{"embeddable":true,"href":"https:\/\/relogios-online.com\/fr\/wp-json\/wp\/v2\/media\/9481"}],"wp:attachment":[{"href":"https:\/\/relogios-online.com\/fr\/wp-json\/wp\/v2\/media?parent=9486"}],"wp:term":[{"taxonomy":"product_brand","embeddable":true,"href":"https:\/\/relogios-online.com\/fr\/wp-json\/wp\/v2\/product_brand?post=9486"},{"taxonomy":"product_cat","embeddable":true,"href":"https:\/\/relogios-online.com\/fr\/wp-json\/wp\/v2\/product_cat?post=9486"},{"taxonomy":"product_tag","embeddable":true,"href":"https:\/\/relogios-online.com\/fr\/wp-json\/wp\/v2\/product_tag?post=9486"}],"curies":[{"name":"wp","href":"https:\/\/api.w.org\/{rel}","templated":true}]}}